 
 {"id":2330,"date":"2019-04-12T12:18:29","date_gmt":"2019-04-12T12:18:29","guid":{"rendered":"http:\/\/murcia.terranatura.com\/experiencias\/"},"modified":"2019-10-23T12:45:39","modified_gmt":"2019-10-23T10:45:39","slug":"experiences","status":"publish","type":"page","link":"https:\/\/murcia.terranatura.com\/en\/experiences\/","title":{"rendered":"Experiences"},"content":{"rendered":"<div id=\"pl-2330\"  class=\"panel-layout\" ><div id=\"pg-2330-0\"  class=\"panel-grid panel-has-style\" ><div class=\"bloque-info1 no-padding panel-row-style panel-row-style-for-2330-0\" ><div id=\"pgc-2330-0-0\"  class=\"panel-grid-cell panel-grid-cell-mobile-last\" ><div id=\"panel-2330-0-0-0\" class=\"so-panel widget widget_sow-editor panel-first-child panel-last-child\" data-index=\"0\" ><div\n\t\t\t\n\t\t\tclass=\"so-widget-sow-editor so-widget-sow-editor-base\"\n\t\t\t\n\t\t>\n<div class=\"siteorigin-widget-tinymce textwidget\">\n\t<p>No sabr\u00e1s lo que es vivir realmente una experiencia hasta que vivas con nosotros un d\u00eda repleto de actividades que, te garantizamos, no te dejar\u00e1n indiferente. Tu concepto de experiencia cambiar\u00e1 al visitar nuestro cobijo de leones o al dar de comer a nuestros maravillosos l\u00e9mures.<\/p>\n<p>&nbsp;<\/p>\n<\/div>\n<\/div><\/div><\/div><div id=\"pgc-2330-0-1\"  class=\"panel-grid-cell panel-grid-cell-empty\" ><\/div><\/div><\/div><div id=\"pg-2330-1\"  class=\"panel-grid panel-has-style\" ><div class=\"bloque-info1  siteorigin-panels-stretch panel-row-style panel-row-style-for-2330-1\" data-stretch-type=\"full\" ><div id=\"pgc-2330-1-0\"  class=\"panel-grid-cell\" ><div id=\"panel-2330-1-0-0\" class=\"so-panel widget widget_sow-editor panel-first-child panel-last-child\" data-index=\"1\" ><div\n\t\t\t\n\t\t\tclass=\"so-widget-sow-editor so-widget-sow-editor-base\"\n\t\t\t\n\t\t><h3 class=\"widget-title\">LION\u2019S DEN<\/h3>\n<div class=\"siteorigin-widget-tinymce textwidget\">\n\t<p>Enter the LION\u2019S DEN and learn the secret life of the kings of the jungle at Terra Natura Murcia. You will be just a meter away from them, accompanied by one of their personal caregivers.<\/p>\n<p>Find out about the schedules in our program of activities. For only 5 euros per person you will have a memorable experience.<\/p>\n<p>And remember, getting in is easy... \ud83d\ude09<\/p>\n<p>Duration 20 min. Price 5,00\u20ac<\/p>\n<p>&nbsp;<\/p>\n<\/div>\n<\/div><\/div><\/div><div id=\"pgc-2330-1-1\"  class=\"panel-grid-cell\" ><div id=\"panel-2330-1-1-0\" class=\"so-panel widget widget_sow-image panel-first-child panel-last-child\" data-index=\"2\" ><div class=\"pic-marco panel-widget-style panel-widget-style-for-2330-1-1-0\" ><div\n\t\t\t\n\t\t\tclass=\"so-widget-sow-image so-widget-sow-image-default-8b5b6f678277-2330\"\n\t\t\t\n\t\t>\n<div class=\"sow-image-container\">\n\t\t<img \n\tsrc=\"https:\/\/murcia.terranatura.com\/wp-content\/uploads\/2019\/07\/cobijo-leones.png\" width=\"583\" height=\"318\" srcset=\"https:\/\/murcia.terranatura.com\/wp-content\/uploads\/2019\/07\/cobijo-leones.png 583w, https:\/\/murcia.terranatura.com\/wp-content\/uploads\/2019\/07\/cobijo-leones-250x136.png 250w, https:\/\/murcia.terranatura.com\/wp-content\/uploads\/2019\/07\/cobijo-leones-120x65.png 120w\" sizes=\"(max-width: 583px) 100vw, 583px\" title=\"cobijo leones\" alt=\"\" \t\tclass=\"so-widget-image\"\/>\n\t<\/div>\n\n<\/div><\/div><\/div><\/div><\/div><\/div><div id=\"pg-2330-2\"  class=\"panel-grid panel-has-style\" ><div class=\"bloque-info1  siteorigin-panels-stretch panel-row-style panel-row-style-for-2330-2\" data-stretch-type=\"full\" ><div id=\"pgc-2330-2-0\"  class=\"panel-grid-cell\" ><div id=\"panel-2330-2-0-0\" class=\"so-panel widget widget_sow-editor panel-first-child panel-last-child\" data-index=\"3\" ><div\n\t\t\t\n\t\t\tclass=\"so-widget-sow-editor so-widget-sow-editor-base\"\n\t\t\t\n\t\t><h3 class=\"widget-title\">LEMURS<\/h3>\n<div class=\"siteorigin-widget-tinymce textwidget\">\n\t<p>Have you ever dreamed of visiting Madagascar and feeding the famous lemurs? In Terra Natura Murcia we make it easy for you: enter the habitat of these curious creatures to feed them and let them share their unique lives with you for a moment. An unforgettable experience.<\/p>\n<p>Interaction with lemurs is priced at 5 euros per person and is done every day on a fixed schedule you can consult it in our program of activities<\/p>\n<p>Don\u2019t miss it!<\/p>\n<p>Duration 20 min. Price 5,00\u20ac<\/p>\n<p>&nbsp;<\/p>\n<p>&nbsp;<\/p>\n<\/div>\n<\/div><\/div><\/div><div id=\"pgc-2330-2-1\"  class=\"panel-grid-cell\" ><div id=\"panel-2330-2-1-0\" class=\"so-panel widget widget_sow-image panel-first-child panel-last-child\" data-index=\"4\" ><div class=\"pic-marco panel-widget-style panel-widget-style-for-2330-2-1-0\" ><div\n\t\t\t\n\t\t\tclass=\"so-widget-sow-image so-widget-sow-image-default-8b5b6f678277-2330\"\n\t\t\t\n\t\t>\n<div class=\"sow-image-container\">\n\t\t<img \n\tsrc=\"https:\/\/murcia.terranatura.com\/wp-content\/uploads\/2019\/07\/Experiencia-lemures-700x495.jpg\" width=\"700\" height=\"495\" srcset=\"https:\/\/murcia.terranatura.com\/wp-content\/uploads\/2019\/07\/Experiencia-lemures-700x495.jpg 700w, https:\/\/murcia.terranatura.com\/wp-content\/uploads\/2019\/07\/Experiencia-lemures-250x177.jpg 250w, https:\/\/murcia.terranatura.com\/wp-content\/uploads\/2019\/07\/Experiencia-lemures-768x543.jpg 768w, https:\/\/murcia.terranatura.com\/wp-content\/uploads\/2019\/07\/Experiencia-lemures-120x85.jpg 120w, https:\/\/murcia.terranatura.com\/wp-content\/uploads\/2019\/07\/Experiencia-lemures.jpg 842w\" sizes=\"(max-width: 700px) 100vw, 700px\" title=\"Experiencia lemures\" alt=\"\" \t\tclass=\"so-widget-image\"\/>\n\t<\/div>\n\n<\/div><\/div><\/div><\/div><\/div><\/div><div id=\"pg-2330-3\"  class=\"panel-grid panel-has-style\" ><div class=\"bloque-info1 no-padding siteorigin-panels-stretch panel-row-style panel-row-style-for-2330-3\" data-stretch-type=\"full\" ><div id=\"pgc-2330-3-0\"  class=\"panel-grid-cell\" ><div id=\"panel-2330-3-0-0\" class=\"so-panel widget widget_sow-editor panel-first-child\" data-index=\"5\" ><div\n\t\t\t\n\t\t\tclass=\"so-widget-sow-editor so-widget-sow-editor-base\"\n\t\t\t\n\t\t><h3 class=\"widget-title\">NIGHT SAFARI<\/h3>\n<div class=\"siteorigin-widget-tinymce textwidget\">\n\t<p>Enjoy an amazing guided tour of the park in the dark. Lasting approximately 3 hours, the tour begins with our educational talk on birds of prey. Halfway through the visit there is a rest with dinner.<\/p>\n<ul>\n<li>Dates: May 31 to September 13 (Tuesday to Saturday).<\/li>\n<li>Hours: from 20:00 to 23:00. From 3 to 13 September from 19:30 to 22:30.<\/li>\n<li>Price: 15 euros with dinner<\/li>\n<\/ul>\n<p>Dinner includes: salad, beef burger, ice cream jar or fruit, and drink. Gluten-free burgers, vegetable sandwiches and nuggets are also available. For children, the salad on the menu can be substituted by a snack<\/p>\n<p>Reservation required. Call 968368200.<\/p>\n<p>Don't forget to bring a flashlight!<\/p>\n<\/div>\n<\/div><\/div><div id=\"panel-2330-3-0-1\" class=\"so-panel widget widget_download_widget panel-last-child\" data-index=\"6\" ><div\n\t\t\t\n\t\t\tclass=\"so-widget-download_widget so-widget-download_widget-base\"\n\t\t\t\n\t\t>\n\n<div class=\"widget-download\">\n\t<span class=\"description\"><\/span>\n\t<a target=\"_blank\" class=\"button\" href=\"https:\/\/murcia.terranatura.com\/wp-content\/uploads\/2019\/07\/Ficha_safari_nocturno.pdf\">Fact Sheet (PDF)<\/a>\n<\/div>\n\n\n\n<\/div><\/div><\/div><div id=\"pgc-2330-3-1\"  class=\"panel-grid-cell\" ><div id=\"panel-2330-3-1-0\" class=\"so-panel widget widget_sow-image panel-first-child panel-last-child\" data-index=\"7\" ><div class=\"pic-marco panel-widget-style panel-widget-style-for-2330-3-1-0\" ><div\n\t\t\t\n\t\t\tclass=\"so-widget-sow-image so-widget-sow-image-default-8b5b6f678277-2330\"\n\t\t\t\n\t\t>\n<div class=\"sow-image-container\">\n\t\t<img \n\tsrc=\"https:\/\/murcia.terranatura.com\/wp-content\/uploads\/2019\/07\/Safari-nocturno-700x462.jpg\" width=\"700\" height=\"462\" srcset=\"https:\/\/murcia.terranatura.com\/wp-content\/uploads\/2019\/07\/Safari-nocturno-700x462.jpg 700w, https:\/\/murcia.terranatura.com\/wp-content\/uploads\/2019\/07\/Safari-nocturno-250x165.jpg 250w, https:\/\/murcia.terranatura.com\/wp-content\/uploads\/2019\/07\/Safari-nocturno-768x507.jpg 768w, https:\/\/murcia.terranatura.com\/wp-content\/uploads\/2019\/07\/Safari-nocturno-120x79.jpg 120w, https:\/\/murcia.terranatura.com\/wp-content\/uploads\/2019\/07\/Safari-nocturno-e1564555459883.jpg 1100w\" sizes=\"(max-width: 700px) 100vw, 700px\" title=\"Safari nocturno\" alt=\"\" \t\tclass=\"so-widget-image\"\/>\n\t<\/div>\n\n<\/div><\/div><\/div><\/div><\/div><\/div><div id=\"pg-2330-4\"  class=\"panel-grid panel-has-style\" ><div class=\"bloque-info1 no-padding siteorigin-panels-stretch panel-row-style panel-row-style-for-2330-4\" data-stretch-type=\"full\" ><div id=\"pgc-2330-4-0\"  class=\"panel-grid-cell\" ><div id=\"panel-2330-4-0-0\" class=\"so-panel widget widget_sow-editor panel-first-child panel-last-child\" data-index=\"8\" ><div\n\t\t\t\n\t\t\tclass=\"so-widget-sow-editor so-widget-sow-editor-base\"\n\t\t\t\n\t\t><h3 class=\"widget-title\">BIRDS OF PREY EDUCATIONAL TALKS<\/h3>\n<div class=\"siteorigin-widget-tinymce textwidget\">\n\t<p>Get to know the in-depth characteristics and curiosity of nocturnal birds, daytime birds and scavengers. Best of all, you have the possibility to hold one in your hand! You\u2019ll find us in the amphitheatre of Terra Natura. Check the schedules on our website.<\/p>\n<p>Duration 30 minutes. Free of charge.<\/p>\n<p>&nbsp;<\/p>\n<p>&nbsp;<\/p>\n<p>&nbsp;<\/p>\n<p>&nbsp;<\/p>\n<p>&nbsp;<\/p>\n<p>&nbsp;<\/p>\n<\/div>\n<\/div><\/div><\/div><div id=\"pgc-2330-4-1\"  class=\"panel-grid-cell\" ><div id=\"panel-2330-4-1-0\" class=\"so-panel widget widget_sow-image panel-first-child panel-last-child\" data-index=\"9\" ><div class=\"pic-marco panel-widget-style panel-widget-style-for-2330-4-1-0\" ><div\n\t\t\t\n\t\t\tclass=\"so-widget-sow-image so-widget-sow-image-default-8b5b6f678277-2330\"\n\t\t\t\n\t\t>\n<div class=\"sow-image-container\">\n\t\t<img \n\tsrc=\"https:\/\/murcia.terranatura.com\/wp-content\/uploads\/2019\/07\/Charla-rapaces-700x466.jpg\" width=\"700\" height=\"466\" srcset=\"https:\/\/murcia.terranatura.com\/wp-content\/uploads\/2019\/07\/Charla-rapaces-700x466.jpg 700w, https:\/\/murcia.terranatura.com\/wp-content\/uploads\/2019\/07\/Charla-rapaces-250x167.jpg 250w, https:\/\/murcia.terranatura.com\/wp-content\/uploads\/2019\/07\/Charla-rapaces-768x512.jpg 768w, https:\/\/murcia.terranatura.com\/wp-content\/uploads\/2019\/07\/Charla-rapaces-120x80.jpg 120w, https:\/\/murcia.terranatura.com\/wp-content\/uploads\/2019\/07\/Charla-rapaces-272x182.jpg 272w, https:\/\/murcia.terranatura.com\/wp-content\/uploads\/2019\/07\/Charla-rapaces.jpg 800w\" sizes=\"(max-width: 700px) 100vw, 700px\" title=\"Charla rapaces\" alt=\"Charla educativa de aves rapaces\" \t\tclass=\"so-widget-image\"\/>\n\t<\/div>\n\n<\/div><\/div><\/div><\/div><\/div><\/div><div id=\"pg-2330-5\"  class=\"panel-grid panel-has-style\" ><div class=\"bloque-info1 no-padding siteorigin-panels-stretch panel-row-style panel-row-style-for-2330-5\" data-stretch-type=\"full\" ><div id=\"pgc-2330-5-0\"  class=\"panel-grid-cell\" ><div id=\"panel-2330-5-0-0\" class=\"so-panel widget widget_sow-editor panel-first-child panel-last-child\" data-index=\"10\" ><div\n\t\t\t\n\t\t\tclass=\"so-widget-sow-editor so-widget-sow-editor-base\"\n\t\t\t\n\t\t><h3 class=\"widget-title\">EXOTIC BIRDS EDUCATIONAL TALKS<\/h3>\n<div class=\"siteorigin-widget-tinymce textwidget\">\n\t<p>Can you tell a military macaw from an Amazonian parrot? Maybe you think parrots can talk? If you want to meet all our exotic birds, don\u2019t miss our educational talk. Find us above the water park. Check the schedules on our website<\/p>\n<p>Duration 30 min, Free of charge.<\/p>\n<p>&nbsp;<\/p>\n<p>&nbsp;<\/p>\n<p>&nbsp;<\/p>\n<p>&nbsp;<\/p>\n<\/div>\n<\/div><\/div><\/div><div id=\"pgc-2330-5-1\"  class=\"panel-grid-cell\" ><div id=\"panel-2330-5-1-0\" class=\"so-panel widget widget_sow-image panel-first-child panel-last-child\" data-index=\"11\" ><div class=\"pic-marco panel-widget-style panel-widget-style-for-2330-5-1-0\" ><div\n\t\t\t\n\t\t\tclass=\"so-widget-sow-image so-widget-sow-image-default-8b5b6f678277-2330\"\n\t\t\t\n\t\t>\n<div class=\"sow-image-container\">\n\t\t<img \n\tsrc=\"https:\/\/murcia.terranatura.com\/wp-content\/uploads\/2019\/07\/Experiencia-exoticas-700x467.jpg\" width=\"700\" height=\"467\" srcset=\"https:\/\/murcia.terranatura.com\/wp-content\/uploads\/2019\/07\/Experiencia-exoticas-700x467.jpg 700w, https:\/\/murcia.terranatura.com\/wp-content\/uploads\/2019\/07\/Experiencia-exoticas-250x167.jpg 250w, https:\/\/murcia.terranatura.com\/wp-content\/uploads\/2019\/07\/Experiencia-exoticas-768x512.jpg 768w, https:\/\/murcia.terranatura.com\/wp-content\/uploads\/2019\/07\/Experiencia-exoticas-120x80.jpg 120w, https:\/\/murcia.terranatura.com\/wp-content\/uploads\/2019\/07\/Experiencia-exoticas-272x182.jpg 272w, https:\/\/murcia.terranatura.com\/wp-content\/uploads\/2019\/07\/Experiencia-exoticas.jpg 1800w\" sizes=\"(max-width: 700px) 100vw, 700px\" title=\"Experiencia exoticas\" alt=\"Charla Educativa de Aves Ex\u00f3ticas\" \t\tclass=\"so-widget-image\"\/>\n\t<\/div>\n\n<\/div><\/div><\/div><\/div><\/div><\/div><div id=\"pg-2330-6\"  class=\"panel-grid panel-has-style\" ><div class=\"bloque-info1 no-padding siteorigin-panels-stretch panel-row-style panel-row-style-for-2330-6\" data-stretch-type=\"full\" ><div id=\"pgc-2330-6-0\"  class=\"panel-grid-cell\" ><div id=\"panel-2330-6-0-0\" class=\"so-panel widget widget_sow-editor panel-first-child panel-last-child\" data-index=\"12\" ><div\n\t\t\t\n\t\t\tclass=\"so-widget-sow-editor so-widget-sow-editor-base\"\n\t\t\t\n\t\t><h3 class=\"widget-title\">PONY RIDES<\/h3>\n<div class=\"siteorigin-widget-tinymce textwidget\">\n\t<p>If you want your child to have a first contact with the world of horses, stop by the <strong>PoniClub in Terra Natura<\/strong> and enjoy the ride. Fun for sure!<\/p>\n<p>Duration 5 min. Price<strong> 3,00\u20ac<\/strong><\/p>\n<p>&nbsp;<\/p>\n<p>&nbsp;<\/p>\n<p>&nbsp;<\/p>\n<\/div>\n<\/div><\/div><\/div><div id=\"pgc-2330-6-1\"  class=\"panel-grid-cell\" ><div id=\"panel-2330-6-1-0\" class=\"so-panel widget widget_sow-image panel-first-child panel-last-child\" data-index=\"13\" ><div class=\"pic-marco panel-widget-style panel-widget-style-for-2330-6-1-0\" ><div\n\t\t\t\n\t\t\tclass=\"so-widget-sow-image so-widget-sow-image-default-8b5b6f678277-2330\"\n\t\t\t\n\t\t>\n<div class=\"sow-image-container\">\n\t\t<img \n\tsrc=\"https:\/\/murcia.terranatura.com\/wp-content\/uploads\/2019\/07\/Paseo-en-poni-2-700x466.jpg\" width=\"700\" height=\"466\" srcset=\"https:\/\/murcia.terranatura.com\/wp-content\/uploads\/2019\/07\/Paseo-en-poni-2-700x466.jpg 700w, https:\/\/murcia.terranatura.com\/wp-content\/uploads\/2019\/07\/Paseo-en-poni-2-250x167.jpg 250w, https:\/\/murcia.terranatura.com\/wp-content\/uploads\/2019\/07\/Paseo-en-poni-2-768x512.jpg 768w, https:\/\/murcia.terranatura.com\/wp-content\/uploads\/2019\/07\/Paseo-en-poni-2-120x80.jpg 120w, https:\/\/murcia.terranatura.com\/wp-content\/uploads\/2019\/07\/Paseo-en-poni-2-272x182.jpg 272w, https:\/\/murcia.terranatura.com\/wp-content\/uploads\/2019\/07\/Paseo-en-poni-2.jpg 800w\" sizes=\"(max-width: 700px) 100vw, 700px\" title=\"Paseo en poni 2\" alt=\"Paseo en poni\" \t\tclass=\"so-widget-image\"\/>\n\t<\/div>\n\n<\/div><\/div><\/div><\/div><\/div><\/div><\/div>","protected":false},"excerpt":{"rendered":"No sabr\u00e1s lo que es vivir realmente una experiencia hasta que vivas con nosotros un d\u00eda repleto de actividades que, te garantizamos, no te dejar\u00e1n indiferente. Tu concepto de experiencia cambiar\u00e1 al visitar nuestro cobijo de leones o al dar de comer a nuestros maravillosos l\u00e9mures. &nbsp; Enter the LION\u2019S DEN and learn the secret&#8230; <a class=\"view-article\" href=\"https:\/\/murcia.terranatura.com\/en\/experiences\/\">View Article<\/a>","protected":false},"author":1,"featured_media":1615,"parent":0,"menu_order":0,"comment_status":"closed","ping_status":"closed","template":"templates\/template-small-header.php","meta":{"_acf_changed":false,"footnotes":""},"class_list":["post-2330","page","type-page","status-publish","has-post-thumbnail","hentry"],"acf":[],"aioseo_notices":[],"_links":{"self":[{"href":"https:\/\/murcia.terranatura.com\/en\/wp-json\/wp\/v2\/pages\/2330","targetHints":{"allow":["GET"]}}],"collection":[{"href":"https:\/\/murcia.terranatura.com\/en\/wp-json\/wp\/v2\/pages"}],"about":[{"href":"https:\/\/murcia.terranatura.com\/en\/wp-json\/wp\/v2\/types\/page"}],"author":[{"embeddable":true,"href":"https:\/\/murcia.terranatura.com\/en\/wp-json\/wp\/v2\/users\/1"}],"replies":[{"embeddable":true,"href":"https:\/\/murcia.terranatura.com\/en\/wp-json\/wp\/v2\/comments?post=2330"}],"version-history":[{"count":13,"href":"https:\/\/murcia.terranatura.com\/en\/wp-json\/wp\/v2\/pages\/2330\/revisions"}],"predecessor-version":[{"id":2855,"href":"https:\/\/murcia.terranatura.com\/en\/wp-json\/wp\/v2\/pages\/2330\/revisions\/2855"}],"wp:featuredmedia":[{"embeddable":true,"href":"https:\/\/murcia.terranatura.com\/en\/wp-json\/wp\/v2\/media\/1615"}],"wp:attachment":[{"href":"https:\/\/murcia.terranatura.com\/en\/wp-json\/wp\/v2\/media?parent=2330"}],"curies":[{"name":"wp","href":"https:\/\/api.w.org\/{rel}","templated":true}]}}