 
 {"id":2431,"date":"2019-05-22T06:49:42","date_gmt":"2019-05-22T06:49:42","guid":{"rendered":"http:\/\/murcia.terranatura.com\/investigacion\/"},"modified":"2019-11-12T10:11:20","modified_gmt":"2019-11-12T08:11:20","slug":"investigacion","status":"publish","type":"page","link":"https:\/\/murcia.terranatura.com\/en\/investigacion\/","title":{"rendered":"Research and Investigation"},"content":{"rendered":"<div id=\"pl-2431\"  class=\"panel-layout\" ><div id=\"pg-2431-0\"  class=\"panel-grid panel-has-style\" ><div class=\"bloque-navigator panel-row-style panel-row-style-for-2431-0\" ><div id=\"pgc-2431-0-0\"  class=\"panel-grid-cell\" ><div id=\"panel-2431-0-0-0\" class=\"so-panel widget widget_navigator_widget panel-first-child panel-last-child\" data-index=\"0\" ><div\n\t\t\t\n\t\t\tclass=\"so-widget-navigator_widget so-widget-navigator_widget-base\"\n\t\t\t\n\t\t>\n\n<div class=\"widget-navigator \">\n\t<a href=\"https:\/\/murcia.terranatura.com\/en\/education2\/\">\n\t\t<span class=\"image\">\n\t\t\t<div class=\"background-image\" style=\"background-image: url('https:\/\/murcia.terranatura.com\/wp-content\/uploads\/2019\/04\/school-250x250.png')\"><\/div>\n\t\t<\/span>\n\t\t<h2 class=\"title\">Education<\/h2>\n\t\t\t<\/a>\n<\/div>\n\n\n\n<\/div><\/div><\/div><div id=\"pgc-2431-0-1\"  class=\"panel-grid-cell\" ><div id=\"panel-2431-0-1-0\" class=\"so-panel widget widget_navigator_widget panel-first-child panel-last-child\" data-index=\"1\" ><div\n\t\t\t\n\t\t\tclass=\"so-widget-navigator_widget so-widget-navigator_widget-base\"\n\t\t\t\n\t\t>\n\n<div class=\"widget-navigator \">\n\t<a href=\"https:\/\/murcia.terranatura.com\/conservacion\/\">\n\t\t<span class=\"image\">\n\t\t\t<div class=\"background-image\" style=\"background-image: url('https:\/\/murcia.terranatura.com\/wp-content\/uploads\/2019\/07\/ico-conservacion-250x250.png')\"><\/div>\n\t\t<\/span>\n\t\t<h2 class=\"title\">Conservation<\/h2>\n\t\t\t<\/a>\n<\/div>\n\n\n\n<\/div><\/div><\/div><div id=\"pgc-2431-0-2\"  class=\"panel-grid-cell\" ><div id=\"panel-2431-0-2-0\" class=\"so-panel widget widget_navigator_widget panel-first-child panel-last-child\" data-index=\"2\" ><div\n\t\t\t\n\t\t\tclass=\"so-widget-navigator_widget so-widget-navigator_widget-base\"\n\t\t\t\n\t\t>\n\n<div class=\"widget-navigator \">\n\t<a href=\"https:\/\/murcia.terranatura.com\/investigacion\/\">\n\t\t<span class=\"image\">\n\t\t\t<div class=\"background-image\" style=\"background-image: url('https:\/\/murcia.terranatura.com\/wp-content\/uploads\/2019\/07\/ico-investigacion-250x250.png')\"><\/div>\n\t\t<\/span>\n\t\t<h2 class=\"title\">Research and Investigation<\/h2>\n\t\t\t<\/a>\n<\/div>\n\n\n\n<\/div><\/div><\/div><div id=\"pgc-2431-0-3\"  class=\"panel-grid-cell\" ><div id=\"panel-2431-0-3-0\" class=\"so-panel widget widget_navigator_widget panel-first-child panel-last-child\" data-index=\"3\" ><div\n\t\t\t\n\t\t\tclass=\"so-widget-navigator_widget so-widget-navigator_widget-base\"\n\t\t\t\n\t\t>\n\n<div class=\"widget-navigator \">\n\t<a href=\"https:\/\/murcia.terranatura.com\/labor-social\/\">\n\t\t<span class=\"image\">\n\t\t\t<div class=\"background-image\" style=\"background-image: url('https:\/\/murcia.terranatura.com\/wp-content\/uploads\/2019\/07\/labor-social-250x250.png')\"><\/div>\n\t\t<\/span>\n\t\t<h2 class=\"title\">Social Responsibility<\/h2>\n\t\t\t<\/a>\n<\/div>\n\n\n\n<\/div><\/div><\/div><\/div><\/div><div id=\"pg-2431-1\"  class=\"panel-grid panel-has-style\" ><div class=\"bloque-info1 panel-row-style panel-row-style-for-2431-1\" ><div id=\"pgc-2431-1-0\"  class=\"panel-grid-cell\" ><div id=\"panel-2431-1-0-0\" class=\"so-panel widget widget_sow-editor panel-first-child panel-last-child\" data-index=\"4\" ><div\n\t\t\t\n\t\t\tclass=\"so-widget-sow-editor so-widget-sow-editor-base\"\n\t\t\t\n\t\t><h3 class=\"widget-title\">Research and Investigation<\/h3>\n<div class=\"siteorigin-widget-tinymce textwidget\">\n\t<p>Zoos and aquariums currently play a very important role in protecting endangered species by supporting and participating in on-site research projects that increase our understanding and awareness of the animal populations in their care. They also participate in off-site conservation programs whose objective is to maintain stable animal populations and increase their genetic pools. In this way the species is preserved and their reintroduction to natural habitats where they are. The species is thus preserved and re-introduced in natural habitats where they are almost or utterly extinct.<\/p>\n<p>At Terra Natura Murcia, research is essential to our work and development.<\/p>\n<ul>\n<li>University projects in collaboration with the faculty of Veterinary Studies at the University of Murcia: end-of-degree projects, lines of research proposed by students themselves, doctoral theses, specific disease studies such as Leishmania, etc.<\/li>\n<li>Projects with CEBAS-CESIC (regional and national research groups), designed to study human diseases by extrapolating them from animals.<\/li>\n<li>Studies related to animal behavior (ethology), carried out by students of the Faculty of Biology at UM.<\/li>\n<\/ul>\n<\/div>\n<\/div><\/div><\/div><div id=\"pgc-2431-1-1\"  class=\"panel-grid-cell\" ><div id=\"panel-2431-1-1-0\" class=\"so-panel widget widget_sow-image panel-first-child panel-last-child\" data-index=\"5\" ><div class=\"pic-marco animate-69f19d8faec79158814211 panels-animation-hide panel-widget-style panel-widget-style-for-2431-1-1-0\" data-so-animation=\"{&quot;selector&quot;:&quot;.animate-69f19d8faec79158814211&quot;,&quot;animation&quot;:&quot;bounceInRight&quot;,&quot;duration&quot;:1,&quot;repeat&quot;:0,&quot;hide&quot;:1,&quot;finalState&quot;:&quot;visible&quot;,&quot;delay&quot;:0,&quot;debounce&quot;:0.1,&quot;event&quot;:&quot;enter&quot;,&quot;offset&quot;:100}\" ><div\n\t\t\t\n\t\t\tclass=\"so-widget-sow-image so-widget-sow-image-default-8b5b6f678277-2431\"\n\t\t\t\n\t\t>\n<div class=\"sow-image-container\">\n\t\t<img \n\tsrc=\"https:\/\/murcia.terranatura.com\/wp-content\/uploads\/2019\/05\/Investigacion-700x420.jpg\" width=\"700\" height=\"420\" srcset=\"https:\/\/murcia.terranatura.com\/wp-content\/uploads\/2019\/05\/Investigacion-700x420.jpg 700w, https:\/\/murcia.terranatura.com\/wp-content\/uploads\/2019\/05\/Investigacion-250x150.jpg 250w, https:\/\/murcia.terranatura.com\/wp-content\/uploads\/2019\/05\/Investigacion-768x461.jpg 768w, https:\/\/murcia.terranatura.com\/wp-content\/uploads\/2019\/05\/Investigacion-120x72.jpg 120w, https:\/\/murcia.terranatura.com\/wp-content\/uploads\/2019\/05\/Investigacion.jpg 1600w\" sizes=\"(max-width: 700px) 100vw, 700px\" title=\"Investigaci\u00f3n\" alt=\"\" \t\tclass=\"so-widget-image\"\/>\n\t<\/div>\n\n<\/div><\/div><\/div><\/div><\/div><\/div><div id=\"pg-2431-2\"  class=\"panel-grid panel-has-style\" ><div class=\"bloque-info1 panel-row-style panel-row-style-for-2431-2\" ><div id=\"pgc-2431-2-0\"  class=\"panel-grid-cell\" ><div id=\"panel-2431-2-0-0\" class=\"so-panel widget widget_sow-editor panel-first-child panel-last-child\" data-index=\"6\" ><div\n\t\t\t\n\t\t\tclass=\"so-widget-sow-editor so-widget-sow-editor-base\"\n\t\t\t\n\t\t><h3 class=\"widget-title\">Labor social <\/h3>\n<div class=\"siteorigin-widget-tinymce textwidget\">\n\t<p>En Terra Natura Murcia cada vez somos m\u00e1s conscientes de nuestra responsabilidad con la sociedad. Por ello, en los \u00faltimos a\u00f1os hemos colaborado y lanzado diferentes proyectos para hacer nuestro parque m\u00e1s accesible y tambi\u00e9n participar y aportar nuestro granito de arena en una sociedad cada vez m\u00e1s global.<\/p>\n<p>Los diferentes proyectos en los que hemos colaborado y gestionado en los \u00faltimos a\u00f1os son:<\/p>\n<ol>\n<li>Reuni\u00e9ndonos con diferentes asociaciones para hacer cada vez m\u00e1s nuestro parque accesible a personas con discapacidad.<\/li>\n<li>Participando en diferentes proyectos de la mano de asociaciones de personas con discapacidad: por ejemplo poner c\u00f3digos QR en la carteler\u00eda para hacer la lectura f\u00e1cil y auditiva de nuestra informaci\u00f3n (este proyecto con Fondos de la Fundaci\u00f3n Vodafone).<\/li>\n<li>Poniendo en marcha el proyecto 12 MESES CONTIGO al que realizamos una visita guiada y adaptada a las necesidades de cada grupo, seleccionando a 12 asociaciones y organismos cada a\u00f1o.<\/li>\n<li>Insertando a personal laboral en nuestra empresa con necesidades especiales.<\/li>\n<li>Colaborando con un proyecto \u00fanico en Europa en que se realizan terapias con animales para personas con discapacidad.<\/li>\n<li>Firmando convenios de colaboraci\u00f3n con asociaciones y entidades, el m\u00e1s reciente con el Centro Regional de Hemodonaci\u00f3n.<\/li>\n<\/ol>\n<\/div>\n<\/div><\/div><\/div><div id=\"pgc-2431-2-1\"  class=\"panel-grid-cell\" ><div id=\"panel-2431-2-1-0\" class=\"so-panel widget widget_sow-image panel-first-child panel-last-child\" data-index=\"7\" ><div class=\"pic-marco animate-69f19d8fafe9b242949017 panels-animation-hide panel-widget-style panel-widget-style-for-2431-2-1-0\" data-so-animation=\"{&quot;selector&quot;:&quot;.animate-69f19d8fafe9b242949017&quot;,&quot;animation&quot;:&quot;bounceInRight&quot;,&quot;duration&quot;:1,&quot;repeat&quot;:0,&quot;hide&quot;:1,&quot;finalState&quot;:&quot;visible&quot;,&quot;delay&quot;:0,&quot;debounce&quot;:0.1,&quot;event&quot;:&quot;enter&quot;,&quot;offset&quot;:100}\" ><div\n\t\t\t\n\t\t\tclass=\"so-widget-sow-image so-widget-sow-image-default-8b5b6f678277-2431\"\n\t\t\t\n\t\t>\n<div class=\"sow-image-container\">\n\t\t<img \n\tsrc=\"https:\/\/murcia.terranatura.com\/wp-content\/uploads\/2019\/05\/Investigacion-700x420.jpg\" width=\"700\" height=\"420\" srcset=\"https:\/\/murcia.terranatura.com\/wp-content\/uploads\/2019\/05\/Investigacion-700x420.jpg 700w, https:\/\/murcia.terranatura.com\/wp-content\/uploads\/2019\/05\/Investigacion-250x150.jpg 250w, https:\/\/murcia.terranatura.com\/wp-content\/uploads\/2019\/05\/Investigacion-768x461.jpg 768w, https:\/\/murcia.terranatura.com\/wp-content\/uploads\/2019\/05\/Investigacion-120x72.jpg 120w, https:\/\/murcia.terranatura.com\/wp-content\/uploads\/2019\/05\/Investigacion.jpg 1600w\" sizes=\"(max-width: 700px) 100vw, 700px\" title=\"Investigaci\u00f3n\" alt=\"\" \t\tclass=\"so-widget-image\"\/>\n\t<\/div>\n\n<\/div><\/div><\/div><\/div><\/div><\/div><\/div>","protected":false},"excerpt":{"rendered":"Zoos and aquariums currently play a very important role in protecting endangered species by supporting and participating in on-site research projects that increase our understanding and awareness of the animal populations in their care. They also participate in off-site conservation programs whose objective is to maintain stable animal populations and increase their genetic pools. In&#8230; <a class=\"view-article\" href=\"https:\/\/murcia.terranatura.com\/en\/investigacion\/\">View Article<\/a>","protected":false},"author":1,"featured_media":1832,"parent":0,"menu_order":0,"comment_status":"closed","ping_status":"closed","template":"templates\/template-small-header.php","meta":{"_acf_changed":false,"footnotes":""},"class_list":["post-2431","page","type-page","status-publish","has-post-thumbnail","hentry"],"acf":[],"aioseo_notices":[],"_links":{"self":[{"href":"https:\/\/murcia.terranatura.com\/en\/wp-json\/wp\/v2\/pages\/2431","targetHints":{"allow":["GET"]}}],"collection":[{"href":"https:\/\/murcia.terranatura.com\/en\/wp-json\/wp\/v2\/pages"}],"about":[{"href":"https:\/\/murcia.terranatura.com\/en\/wp-json\/wp\/v2\/types\/page"}],"author":[{"embeddable":true,"href":"https:\/\/murcia.terranatura.com\/en\/wp-json\/wp\/v2\/users\/1"}],"replies":[{"embeddable":true,"href":"https:\/\/murcia.terranatura.com\/en\/wp-json\/wp\/v2\/comments?post=2431"}],"version-history":[{"count":9,"href":"https:\/\/murcia.terranatura.com\/en\/wp-json\/wp\/v2\/pages\/2431\/revisions"}],"predecessor-version":[{"id":2953,"href":"https:\/\/murcia.terranatura.com\/en\/wp-json\/wp\/v2\/pages\/2431\/revisions\/2953"}],"wp:featuredmedia":[{"embeddable":true,"href":"https:\/\/murcia.terranatura.com\/en\/wp-json\/wp\/v2\/media\/1832"}],"wp:attachment":[{"href":"https:\/\/murcia.terranatura.com\/en\/wp-json\/wp\/v2\/media?parent=2431"}],"curies":[{"name":"wp","href":"https:\/\/api.w.org\/{rel}","templated":true}]}}