 
 {"id":2439,"date":"2019-02-20T11:32:48","date_gmt":"2019-02-20T11:32:48","guid":{"rendered":"http:\/\/murcia.terranatura.com\/politica-de-cookies\/"},"modified":"2021-01-28T18:56:50","modified_gmt":"2021-01-28T16:56:50","slug":"politica-de-cookies","status":"publish","type":"page","link":"https:\/\/murcia.terranatura.com\/en\/politica-de-cookies\/","title":{"rendered":"Cookies Policy"},"content":{"rendered":"<div id=\"pl-2439\"  class=\"panel-layout\" ><div id=\"pg-2439-0\"  class=\"panel-grid panel-has-style\" ><div class=\"bloque-info1 panel-row-style panel-row-style-for-2439-0\" ><div id=\"pgc-2439-0-0\"  class=\"panel-grid-cell panel-grid-cell-mobile-last\" ><div id=\"panel-2439-0-0-0\" class=\"so-panel widget widget_text panel-first-child panel-last-child\" data-index=\"0\" >\t\t\t<div class=\"textwidget\"><h3><strong>1.- USO DE COOKIES<\/strong><\/h3>\n<p>Las cookies son archivos que se encuentran en tu ordenador con el fin de recopilar informaci\u00f3n de registro de internet e informaci\u00f3n sobre el comportamiento del usuario. Se utiliza para conocer el uso que hace el usuario y para realizar estad\u00edsticas sobre la actividad en la p\u00e1gina web.<\/p>\n<p>&nbsp;<\/p>\n<h3><strong>2.- UTILIZACI\u00d3N DE COOKIES EN LA WEB DE TERRA NATURA <\/strong><\/h3>\n<p>La informaci\u00f3n proporcionada por las cookies nos puede ayudar a conocer el perfil de nuestros usuarios y a ofrecerte una mejor experiencia de usuario. Terra Natura, utiliza este tipo de informaci\u00f3n para ayudar a mejorar los servicios que presta a sus usuarios y las comunicaciones con ellos. Solo utilizamos cookies que sean necesarias para ofrecerle los servicios\/utilidades de nuestra p\u00e1gina web, siempre que as\u00ed lo hayas consentido.<\/p>\n<p>&nbsp;<\/p>\n<h3><strong>3.- TIPOS DE COOKIES Y FINALIDAD<\/strong><\/h3>\n<p>En funci\u00f3n de la entidad que gestione las cookies, se pueden clasificar en grupos:<\/p>\n<p>Seg\u00fan la entidad que las gestiona:<\/p>\n<ul>\n<li>Cookies propias: aqu\u00e9llas que se env\u00edan al equipo terminal del usuario desde un equipo o dominio gestionado por el propio editor y desde el que se presta el servicio solicitado por el usuario.<\/li>\n<li>Cookies de terceros: Son aqu\u00e9llas que se env\u00edan al equipo terminal del usuario desde un equipo o dominio que no es gestionado por el editor, sino por otra entidad que trata los datos obtenidos a trav\u00e9s de las cookies.<\/li>\n<\/ul>\n<p>Seg\u00fan el plazo de tiempo que permanezcan activadas en el equipo terminal se dividen en:<\/p>\n<ul>\n<li>Cookies de sesi\u00f3n: Est\u00e1n dise\u00f1adas para recabar y almacenar datos mientras el usuario accede a una p\u00e1gina web.<\/li>\n<li>Cookies persistentes: Tipo de cookies en el que los datos siguen almacenados en el terminal y pueden ser accedidos y tratados durante un periodo definido por el responsable de la cookie, y que puede ir de unos minutos a varios a\u00f1os.<\/li>\n<\/ul>\n<p>Seg\u00fan su finalidad se clasifican del siguiente modo:<\/p>\n<ul>\n<li>Cookies t\u00e9cnicas: estas cookies permiten que el Sitio recuerde las elecciones realizadas, para proporcionar caracter\u00edsticas mejores y m\u00e1s adaptadas. En esta categor\u00eda se incluyen las cookies de terceros.<\/li>\n<li>Cookies de personalizaci\u00f3n: las cookies de personalizaci\u00f3n se instalan para mostrar anuncios m\u00e1s espec\u00edficos basados en tus intereses y para gestionar nuestra publicidad. Estas cookies recogen informaci\u00f3n sobre tus actividades en este y otros sitios para ofrecerte publicidad adaptada a tus intereses. Tambi\u00e9n son cookies de preferencias, tales como, por ejemplo, el idioma, el n\u00famero de resultados a mostrar cuando el usuario realiza una b\u00fasqueda, etc.<\/li>\n<li>Cookies de an\u00e1lisis: estas cookies se utilizan para proporcionarnos informaci\u00f3n estad\u00edstica sobre el funcionamiento de nuestro Sitio (p.ej. para contar visitas, conocer las fuentes de tr\u00e1fico, etc.).<\/li>\n<li>Cookies de redes sociales: las cookies de redes sociales recogen informaci\u00f3n sobre el uso de las redes sociales, para crear tu perfil.<\/li>\n<\/ul>\n<p>&nbsp;<\/p>\n<h3><strong>4.- FORMA DE ACEPTAR, DENEGAR, REVOCAR EL CONSENTIMIENTO O ELIMINAR LAS COOKIES<\/strong><\/h3>\n<p>Se permite al usuario la posibilidad de otorgar o denegar su consentimiento al uso de cookies a trav\u00e9s de un aviso informativo que aparece en la pantalla al acceder por primera vez al sitio web. El aviso, se mantendr\u00e1 hasta que se otorgue el consentimiento, lo deniegue o configure las cookies seg\u00fan sus preferencias personales.<\/p>\n<p>El usuario podr\u00e1 retirar el consentimiento previamente otorgado o configurar las cookies en cualquier momento mediante el panel de configuraci\u00f3n.<\/p>\n<p>Mediante este panel, el usuario puede optar entre aceptar o no las cookies utilizadas, as\u00ed como configurarlas en cualquier momento.<\/p>\n<p>Le informamos que Terra Natura utiliza cookies propias y de terceros para activar funciones b\u00e1sicas de navegaci\u00f3n, as\u00ed como para analizar la navegaci\u00f3n de los usuarios por el sitio web y el uso de los servicios y productos que en \u00e9l se ofrecen.<\/p>\n<p>De conformidad con las normativas aplicables en materia de cookies, podemos almacenar cookies en el dispositivo del usuario si son estrictamente necesarias para el funcionamiento de esta p\u00e1gina. Para todos los dem\u00e1s tipos de cookies, debemos solicitar el consentimiento.<\/p>\n<p>A continuaci\u00f3n, se explican algunas de las cookies que utilizamos y por qu\u00e9 las utilizamos:<\/p>\n<p>&nbsp;<\/p>\n<table class=\"table-cookies\">\n<thead>\n<tr>\n<th>Cookie<\/th>\n<th>Tipo<\/th>\n<th>Finalidad<\/th>\n<th>Caducidad<\/th>\n<\/tr>\n<\/thead>\n<tbody>\n<tr>\n<td>_ga<\/td>\n<td>TERCEROS (Google Analytics)<br \/>\nAnal\u00edtica y seguimiento<\/td>\n<td>Son aquellas que, bien tratadas por el titular del sitio, o por terceros, permiten cuantificar el n\u00famero de usuarios<\/p>\n<p>y as\u00ed realizar la medici\u00f3n y an\u00e1lisis estad\u00edstico de la utilizaci\u00f3n, que hacen los usuarios del servicio ofertado. Para ello se analiza su navegaci\u00f3n en la p\u00e1gina web, con el fin de mejorar la oferta de productos o de servicios que le ofrecemos.<\/td>\n<td>2 a\u00f1os<\/td>\n<\/tr>\n<tr>\n<td>_gid<\/td>\n<td>TERCEROS (Google Analytics)<br \/>\nAnal\u00edtica y seguimiento<\/td>\n<td>Son aquellas que, bien tratadas por el titular del sitio, o por terceros, permiten cuantificar el n\u00famero de usuarios<\/p>\n<p>y as\u00ed realizar la medici\u00f3n y an\u00e1lisis estad\u00edstico de la utilizaci\u00f3n, que hacen los usuarios del servicio ofertado. Para ello se analiza su navegaci\u00f3n en la p\u00e1gina web, con el fin de mejorar la oferta de productos o de servicios que le ofrecemos.<\/td>\n<td>2 d\u00edas<\/td>\n<\/tr>\n<tr>\n<td>_dc_gtm_UA-[Id_sitio]<\/td>\n<td>TERCEROS (Google Tag Manager)<br \/>\nAnal\u00edtica y seguimiento<\/td>\n<td>Se utiliza para a\u00f1adir el c\u00f3digo de seguimiento de Google Analytics desde Google Tag Manager<\/td>\n<td>1 hora<\/td>\n<\/tr>\n<tr>\n<td>cookies_box_accepted<\/td>\n<td>PROPIA<\/td>\n<td>Almacena si el usuario ha aceptado la pol\u00edtica de cookies y qu\u00e9 tipo de cookies acepta.<\/td>\n<td>7 d\u00edas<\/td>\n<\/tr>\n<\/tbody>\n<\/table>\n<p>&nbsp;<\/p>\n<h3><strong>5.- DESHABILITACI\u00d3N DE COOKIES<\/strong><\/h3>\n<p>Con relaci\u00f3n a las cookies proporcionadas por el navegador que el usuario est\u00e9 utilizando, tenga en cuenta que, si acepta las cookies de terceros, deber\u00e1 eliminarlas desde las opciones dadas en el navegador.<br \/>\nComo usuario, puede restringir, bloquear o borrar las cookies de las p\u00e1ginas web. Pr\u00e1cticamente todos los navegadores actuales permiten cambiar la configuraci\u00f3n de Cookies.<\/p>\n<p>Los ajustes pueden realizarse dentro del men\u00fa de su navegador en opciones o preferencias.<br \/>\nDado que cada navegador utiliza una operativa diferente, la funci\u00f3n ayuda de su navegador le indicar\u00e1 como hacerlo<\/p>\n<ul>\n<li>Internet Explorer: windows.microsoft.com\/es-xl\/internet-explorer\/delete-manage-cookies#ie=\u00bbie-10\u2033<\/li>\n<li>FireFox: support.mozilla.org\/es\/kb\/Borrar%20cookies<\/li>\n<li>Chrome: support.google.com\/chrome\/answer\/95647?hl=\u00bbes\u00bb<\/li>\n<li>Safari: www.apple.com\/es\/privacy\/use-of-cookies\/<\/li>\n<\/ul>\n<p>A continuaci\u00f3n, se ofrece informaci\u00f3n e indicaciones sobre los pasos para acceder al men\u00fa de configuraci\u00f3n de las cookies y, en su caso, de la navegaci\u00f3n privada en cada uno de los navegadores principales:<\/p>\n<ul>\n<li>Internet Explorer: Herramientas -&gt; Opciones de Internet -&gt; Privacidad -&gt; Configuraci\u00f3n. Para m\u00e1s informaci\u00f3n, puede consultar el soporte de Microsoft o la Ayuda del<br \/>\nnavegador.<\/li>\n<li>Firefox: Herramientas -&gt; Opciones -&gt; Privacidad -&gt; Historial -&gt; Configuraci\u00f3n Personalizada. Para m\u00e1s informaci\u00f3n, puede consultar el soporte de Mozilla o la Ayuda del<br \/>\nnavegador.<\/li>\n<li>Chrome: Configuraci\u00f3n -&gt; Mostrar opciones avanzadas -&gt; Privacidad -&gt; Configuraci\u00f3n de contenido.<br \/>\nPara m\u00e1s informaci\u00f3n, puede consultar el soporte de Google o la Ayuda del<br \/>\nnavegador.<\/li>\n<li>Safari: Preferencias -&gt; Seguridad. Para m\u00e1s informaci\u00f3n, puede consultar el soporte de Apple o la<br \/>\nAyuda del navegador.<\/li>\n<\/ul>\n<p>As\u00ed mismo, existen herramientas para la gesti\u00f3n del almacenamiento de sus cookies como las siguientes:<\/p>\n<ul>\n<li>Ghostery: www.ghostery.com\/<\/li>\n<li>Your online choices: www.youronlinechoices.com\/es\/<\/li>\n<\/ul>\n<p>En cualquier caso, puede encontrar m\u00e1s informaci\u00f3n al respecto e inhabilitar el uso de estas cookies www.google.es\/intl\/es\/analytics\/privacyoverview.html .<\/p>\n<p>&nbsp;<\/p>\n<h3><strong>6.- INFORMACI\u00d3N SOBRE TRANSFERENCIAS DE DATOS A TERCEROS PA\u00cdSES<\/strong><\/h3>\n<p>En caso de tener lugar transferencias de datos personales a un tercer pa\u00eds u organizaci\u00f3n internacional y, en el caso de las transferencias indicadas en el art\u00edculo 49, apartado 1, p\u00e1rrafo segundo del RGPD, se llevar\u00e1n a cabo con las garant\u00edas adecuadas.<\/p>\n<p>&nbsp;<\/p>\n<h3><strong>7.- PERIODO DE CONSERVACI\u00d3N DE LOS DATOS RECABADOS<\/strong><\/h3>\n<p>Terra Natura conservar\u00e1 los datos no m\u00e1s conservar\u00e1n tiempo del necesario para los fines descritos anteriormente, sin perjuicio de la conservaci\u00f3n que resultase necesaria para la formulaci\u00f3n, el ejercicio o la defensa de potenciales reclamaciones y\/o siempre que lo permitiese la legislaci\u00f3n aplicable.<\/p>\n<p>&nbsp;<\/p>\n<h3><strong>8.- ACTUALIZACIONES Y CAMBIOS EN LA POL\u00cdTICA DE COOKIES DE LA WEB<\/strong><\/h3>\n<p>La Web de Terra Natura puede modificar esta Pol\u00edtica de Cookies en funci\u00f3n de exigencias legislativas, reglamentarias, o con la finalidad de adaptar dicha pol\u00edtica a las instrucciones dictadas por la Agencia Espa\u00f1ola de Protecci\u00f3n de Datos, por ello se aconseja a los usuarios que la visiten peri\u00f3dicamente. Cuando se produzcan cambios significativos en esta Pol\u00edtica de Cookies, se comunicar\u00e1n a los usuarios mediante la web.<\/p>\n<p>Para cualquier consulta puede ponerse en contacto con nosotros en la siguiente direcci\u00f3n de correo: protecciondedatos@grupofuertes.com.<\/p>\n<h3><\/h3>\n<h3><strong>9.- OTRA INFORMACI\u00d3N DEL ART. 13 DEL RGPD<\/strong><\/h3>\n<p>En relaci\u00f3n con la informaci\u00f3n exigida por el art\u00edculo 13 del RGPD que no se refiere de forma espec\u00edfica a las cookies est\u00e1 disponible para el usuario en la pol\u00edtica de privacidad del sitio web.<\/p>\n<\/div>\n\t\t<\/div><\/div><div id=\"pgc-2439-0-1\"  class=\"panel-grid-cell panel-grid-cell-empty\" ><\/div><\/div><\/div><\/div>","protected":false},"excerpt":{"rendered":"1.- USO DE COOKIES Las cookies son archivos que se encuentran en tu ordenador con el fin de recopilar informaci\u00f3n de registro de internet e informaci\u00f3n sobre el comportamiento del usuario. Se utiliza para conocer el uso que hace el usuario y para realizar estad\u00edsticas sobre la actividad en la p\u00e1gina web. &nbsp; 2.- UTILIZACI\u00d3N&#8230; <a class=\"view-article\" href=\"https:\/\/murcia.terranatura.com\/en\/politica-de-cookies\/\">View Article<\/a>","protected":false},"author":1,"featured_media":3637,"parent":0,"menu_order":0,"comment_status":"closed","ping_status":"closed","template":"templates\/template-small-header.php","meta":{"_acf_changed":false,"footnotes":""},"class_list":["post-2439","page","type-page","status-publish","has-post-thumbnail","hentry"],"acf":[],"aioseo_notices":[],"_links":{"self":[{"href":"https:\/\/murcia.terranatura.com\/en\/wp-json\/wp\/v2\/pages\/2439","targetHints":{"allow":["GET"]}}],"collection":[{"href":"https:\/\/murcia.terranatura.com\/en\/wp-json\/wp\/v2\/pages"}],"about":[{"href":"https:\/\/murcia.terranatura.com\/en\/wp-json\/wp\/v2\/types\/page"}],"author":[{"embeddable":true,"href":"https:\/\/murcia.terranatura.com\/en\/wp-json\/wp\/v2\/users\/1"}],"replies":[{"embeddable":true,"href":"https:\/\/murcia.terranatura.com\/en\/wp-json\/wp\/v2\/comments?post=2439"}],"version-history":[{"count":7,"href":"https:\/\/murcia.terranatura.com\/en\/wp-json\/wp\/v2\/pages\/2439\/revisions"}],"predecessor-version":[{"id":3638,"href":"https:\/\/murcia.terranatura.com\/en\/wp-json\/wp\/v2\/pages\/2439\/revisions\/3638"}],"wp:featuredmedia":[{"embeddable":true,"href":"https:\/\/murcia.terranatura.com\/en\/wp-json\/wp\/v2\/media\/3637"}],"wp:attachment":[{"href":"https:\/\/murcia.terranatura.com\/en\/wp-json\/wp\/v2\/media?parent=2439"}],"curies":[{"name":"wp","href":"https:\/\/api.w.org\/{rel}","templated":true}]}}